{"id":2745,"date":"2025-10-04T18:04:20","date_gmt":"2025-10-04T21:04:20","guid":{"rendered":"https:\/\/flipclass.cl\/?page_id=2745"},"modified":"2025-11-14T20:34:13","modified_gmt":"2025-11-14T23:34:13","slug":"master","status":"publish","type":"page","link":"https:\/\/flipclass.cl\/pt\/master\/","title":{"rendered":"master"},"content":{"rendered":"<div data-elementor-type=\"wp-page\" data-elementor-id=\"2745\" class=\"elementor elementor-2745\" data-elementor-settings=\"{&quot;ha_cmc_init_switcher&quot;:&quot;no&quot;}\" data-elementor-post-type=\"page\">\n\t\t\t\t\t\t<section class=\"has_eae_slider elementor-section elementor-top-section elementor-element elementor-element-f122cb9 elementor-section-content-middle elementor-section-boxed elementor-section-height-default elementor-section-height-default\" data-eae-slider=\"90414\" data-id=\"f122cb9\" data-element_type=\"section\" data-settings=\"{&quot;background_background&quot;:&quot;classic&quot;,&quot;_ha_eqh_enable&quot;:false}\">\n\t\t\t\t\t\t\t<div class=\"elementor-background-overlay\"><\/div>\n\t\t\t\t\t\t\t<div class=\"elementor-container elementor-column-gap-no\">\n\t\t\t\t\t<div class=\"has_eae_slider elementor-column elementor-col-100 elementor-top-column elementor-element elementor-element-afb7f06\" data-eae-slider=\"93760\" data-id=\"afb7f06\" data-element_type=\"column\">\n\t\t\t<div class=\"elementor-widget-wrap elementor-element-populated\">\n\t\t\t\t\t\t<div class=\"elementor-element elementor-element-fc48894 elementor-widget elementor-widget-heading\" data-id=\"fc48894\" data-element_type=\"widget\" data-widget_type=\"heading.default\">\n\t\t\t\t<div class=\"elementor-widget-container\">\n\t\t\t\t\t<h1 class=\"elementor-heading-title elementor-size-default\">Master<\/h1>\t\t\t\t<\/div>\n\t\t\t\t<\/div>\n\t\t\t\t<div class=\"elementor-element elementor-element-022cf8a elementor-widget-divider--view-line elementor-widget elementor-widget-divider\" data-id=\"022cf8a\" data-element_type=\"widget\" data-widget_type=\"divider.default\">\n\t\t\t\t<div class=\"elementor-widget-container\">\n\t\t\t\t\t\t\t<div class=\"elementor-divider\">\n\t\t\t<span class=\"elementor-divider-separator\">\n\t\t\t\t\t\t<\/span>\n\t\t<\/div>\n\t\t\t\t\t\t<\/div>\n\t\t\t\t<\/div>\n\t\t\t\t<div class=\"elementor-element elementor-element-454e117 elementor-widget elementor-widget-text-editor\" data-id=\"454e117\" data-element_type=\"widget\" data-widget_type=\"text-editor.default\">\n\t\t\t\t<div class=\"elementor-widget-container\">\n\t\t\t\t\t\t\t\t\t<p>Este curso se enfoca fuertemente en lectura, comprensi\u00f3n oral, escritura y conversaci\u00f3n para enfrentarse al ingl\u00e9s de nivel acad\u00e9mico e incorpora tecnolog\u00eda de vanguardia.<\/p>\t\t\t\t\t\t\t\t<\/div>\n\t\t\t\t<\/div>\n\t\t\t\t\t<\/div>\n\t\t<\/div>\n\t\t\t\t\t<\/div>\n\t\t<\/section>\n\t\t\t\t<section class=\"has_eae_slider elementor-section elementor-top-section elementor-element elementor-element-d224eb3 elementor-section-boxed elementor-section-height-default elementor-section-height-default\" data-eae-slider=\"87714\" data-id=\"d224eb3\" data-element_type=\"section\" data-settings=\"{&quot;_ha_eqh_enable&quot;:false}\">\n\t\t\t\t\t\t<div class=\"elementor-container elementor-column-gap-default\">\n\t\t\t\t\t<div class=\"has_eae_slider elementor-column elementor-col-100 elementor-top-column elementor-element elementor-element-6df4053\" data-eae-slider=\"39396\" data-id=\"6df4053\" data-element_type=\"column\">\n\t\t\t<div class=\"elementor-widget-wrap elementor-element-populated\">\n\t\t\t\t\t\t<div class=\"elementor-element elementor-element-225a213 elementor-widget elementor-widget-heading\" data-id=\"225a213\" data-element_type=\"widget\" data-widget_type=\"heading.default\">\n\t\t\t\t<div class=\"elementor-widget-container\">\n\t\t\t\t\t<h2 class=\"elementor-heading-title elementor-size-default\">Sobre<span style=\"color: #00CBB8\"> Master<\/span><\/h2>\t\t\t\t<\/div>\n\t\t\t\t<\/div>\n\t\t\t\t<section class=\"has_eae_slider elementor-section elementor-inner-section elementor-element elementor-element-119358b elementor-section-boxed elementor-section-height-default elementor-section-height-default\" data-eae-slider=\"60070\" data-id=\"119358b\" data-element_type=\"section\" data-settings=\"{&quot;_ha_eqh_enable&quot;:false}\">\n\t\t\t\t\t\t<div class=\"elementor-container elementor-column-gap-default\">\n\t\t\t\t\t<div class=\"has_eae_slider elementor-column elementor-col-100 elementor-inner-column elementor-element elementor-element-a892993\" data-eae-slider=\"8700\" data-id=\"a892993\" data-element_type=\"column\">\n\t\t\t<div class=\"elementor-widget-wrap elementor-element-populated\">\n\t\t\t\t\t\t<div class=\"elementor-element elementor-element-a471a43 elementor-widget elementor-widget-text-editor\" data-id=\"a471a43\" data-element_type=\"widget\" data-widget_type=\"text-editor.default\">\n\t\t\t\t<div class=\"elementor-widget-container\">\n\t\t\t\t\t\t\t\t\t<p>Este es un <b>curso de ingl\u00e9s acad\u00e9mico en l\u00ednea<\/b> de \u00e9lite, dise\u00f1ado para llevar a los alumnos directamente al <b>Nivel C2<\/b> del Marco Com\u00fan Europeo. Nos centramos rigurosamente en el dominio de las cuatro habilidades acad\u00e9micas clave: <b>lectura, comprensi\u00f3n oral, escritura y expresi\u00f3n oral<\/b>. Nuestro programa est\u00e1 fundamentado en la <b>teor\u00eda m\u00e1s reciente sobre el aprendizaje de idiomas<\/b> e incorpora la <b>tecnolog\u00eda educativa m\u00e1s avanzada<\/b> para garantizar que los estudiantes no solo se desenvuelvan, sino que <b>sobresalgan en cualquier entorno acad\u00e9mico<\/b> de habla inglesa<\/p>\t\t\t\t\t\t\t\t<\/div>\n\t\t\t\t<\/div>\n\t\t\t\t\t<\/div>\n\t\t<\/div>\n\t\t\t\t\t<\/div>\n\t\t<\/section>\n\t\t\t\t\t<\/div>\n\t\t<\/div>\n\t\t\t\t\t<\/div>\n\t\t<\/section>\n\t\t\t\t<section class=\"has_eae_slider elementor-section elementor-top-section elementor-element elementor-element-eb3a8ec elementor-section-boxed elementor-section-height-default elementor-section-height-default\" data-eae-slider=\"22331\" data-id=\"eb3a8ec\" data-element_type=\"section\" data-settings=\"{&quot;background_background&quot;:&quot;gradient&quot;,&quot;_ha_eqh_enable&quot;:false}\">\n\t\t\t\t\t\t<div class=\"elementor-container elementor-column-gap-default\">\n\t\t\t\t\t<div class=\"has_eae_slider elementor-column elementor-col-100 elementor-top-column elementor-element elementor-element-06fc907\" data-eae-slider=\"9065\" data-id=\"06fc907\" data-element_type=\"column\" data-settings=\"{&quot;background_background&quot;:&quot;classic&quot;}\">\n\t\t\t<div class=\"elementor-widget-wrap elementor-element-populated\">\n\t\t\t\t\t\t<section class=\"has_eae_slider elementor-section elementor-inner-section elementor-element elementor-element-229d559 elementor-section-content-middle elementor-section-boxed elementor-section-height-default elementor-section-height-default\" data-eae-slider=\"92339\" data-id=\"229d559\" data-element_type=\"section\" data-settings=\"{&quot;_ha_eqh_enable&quot;:false}\">\n\t\t\t\t\t\t<div class=\"elementor-container elementor-column-gap-default\">\n\t\t\t\t\t<div class=\"has_eae_slider elementor-column elementor-col-50 elementor-inner-column elementor-element elementor-element-43d3c6c\" data-eae-slider=\"4263\" data-id=\"43d3c6c\" data-element_type=\"column\">\n\t\t\t<div class=\"elementor-widget-wrap elementor-element-populated\">\n\t\t\t\t\t\t<div class=\"elementor-element elementor-element-5b074e7 elementor-widget elementor-widget-image-box\" data-id=\"5b074e7\" data-element_type=\"widget\" data-widget_type=\"image-box.default\">\n\t\t\t\t<div class=\"elementor-widget-container\">\n\t\t\t\t\t<div class=\"elementor-image-box-wrapper\"><div class=\"elementor-image-box-content\"><h2 class=\"elementor-image-box-title\">Aprende el idioma que te abrir\u00e1 las puertas del futuro.\u200b<\/h2><p class=\"elementor-image-box-description\">Es hora de ir m\u00e1s all\u00e1 de la teor\u00eda. Empieza a hablar con confianza gracias a la metodolog\u00eda flexible de Flip-Class y la tecnolog\u00eda de ELL Technologies. \u00a1Tu fluidez est\u00e1 a un clic de distancia!<\/p><\/div><\/div>\t\t\t\t<\/div>\n\t\t\t\t<\/div>\n\t\t\t\t<div class=\"elementor-element elementor-element-0fa5d58 elementor-tablet-align-left elementor-mobile-align-center elementor-widget elementor-widget-button\" data-id=\"0fa5d58\" data-element_type=\"widget\" data-widget_type=\"button.default\">\n\t\t\t\t<div class=\"elementor-widget-container\">\n\t\t\t\t\t\t\t\t\t<div class=\"elementor-button-wrapper\">\n\t\t\t\t\t<a class=\"elementor-button elementor-button-link elementor-size-sm\" href=\"https:\/\/flipclass.cl\/pt\/contact\/\">\n\t\t\t\t\t\t<span class=\"elementor-button-content-wrapper\">\n\t\t\t\t\t\t\t\t\t<span class=\"elementor-button-text\">Contato<\/span>\n\t\t\t\t\t<\/span>\n\t\t\t\t\t<\/a>\n\t\t\t\t<\/div>\n\t\t\t\t\t\t\t\t<\/div>\n\t\t\t\t<\/div>\n\t\t\t\t\t<\/div>\n\t\t<\/div>\n\t\t\t\t<div class=\"has_eae_slider elementor-column elementor-col-50 elementor-inner-column elementor-element elementor-element-222cb68\" data-eae-slider=\"17857\" data-id=\"222cb68\" data-element_type=\"column\">\n\t\t\t<div class=\"elementor-widget-wrap elementor-element-populated\">\n\t\t\t\t\t\t<div class=\"elementor-element elementor-element-a220cd1 elementor-widget elementor-widget-image\" data-id=\"a220cd1\" data-element_type=\"widget\" data-widget_type=\"image.default\">\n\t\t\t\t<div class=\"elementor-widget-container\">\n\t\t\t\t\t\t\t\t\t\t\t\t\t\t\t<img fetchpriority=\"high\" decoding=\"async\" width=\"800\" height=\"615\" src=\"https:\/\/flipclass.cl\/wp-content\/uploads\/2021\/03\/cropped-Logo-Flipclass.png\" class=\"attachment-large size-large wp-image-36\" alt=\"Cropped Logo Flipclass\" srcset=\"https:\/\/flipclass.cl\/wp-content\/uploads\/2021\/03\/cropped-Logo-Flipclass.png 800w, https:\/\/flipclass.cl\/wp-content\/uploads\/2021\/03\/cropped-Logo-Flipclass-300x231.png 300w, https:\/\/flipclass.cl\/wp-content\/uploads\/2021\/03\/cropped-Logo-Flipclass-768x590.png 768w\" sizes=\"(max-width: 800px) 100vw, 800px\" title=\"master\">\t\t\t\t\t\t\t\t\t\t\t\t\t\t\t<\/div>\n\t\t\t\t<\/div>\n\t\t\t\t\t<\/div>\n\t\t<\/div>\n\t\t\t\t\t<\/div>\n\t\t<\/section>\n\t\t\t\t\t<\/div>\n\t\t<\/div>\n\t\t\t\t\t<\/div>\n\t\t<\/section>\n\t\t\t\t<\/div>","protected":false},"excerpt":{"rendered":"<p>Master Este curso se enfoca fuertemente en lectura, comprensi\u00f3n oral, escritura y conversaci\u00f3n para enfrentarse al ingl\u00e9s de nivel acad\u00e9mico e incorpora tecnolog\u00eda de vanguardia. Sobre Master Este es un curso de ingl\u00e9s acad\u00e9mico en l\u00ednea de \u00e9lite, dise\u00f1ado para llevar a los alumnos directamente al Nivel C2 del Marco Com\u00fan Europeo. Nos centramos rigurosamente [&hellip;]<\/p>","protected":false},"author":1,"featured_media":0,"parent":0,"menu_order":0,"comment_status":"closed","ping_status":"closed","template":"","meta":{"inline_featured_image":false,"site-sidebar-layout":"no-sidebar","site-content-layout":"page-builder","ast-site-content-layout":"full-width-container","site-content-style":"default","site-sidebar-style":"default","ast-global-header-display":"","ast-banner-title-visibility":"","ast-main-header-display":"","ast-hfb-above-header-display":"","ast-hfb-below-header-display":"","ast-hfb-mobile-header-display":"","site-post-title":"disabled","ast-breadcrumbs-content":"","ast-featured-img":"disabled","footer-sml-layout":"","theme-transparent-header-meta":"","adv-header-id-meta":"","stick-header-meta":"","header-above-stick-meta":"","header-main-stick-meta":"","header-below-stick-meta":"","astra-migrate-meta-layouts":"set","ast-page-background-enabled":"default","ast-page-background-meta":{"desktop":{"background-color":"","background-image":"","background-repeat":"repeat","background-position":"center center","background-size":"auto","background-attachment":"scroll","background-type":"","background-media":"","overlay-type":"","overlay-color":"","overlay-opacity":"","overlay-gradient":""},"tablet":{"background-color":"","background-image":"","background-repeat":"repeat","background-position":"center center","background-size":"auto","background-attachment":"scroll","background-type":"","background-media":"","overlay-type":"","overlay-color":"","overlay-opacity":"","overlay-gradient":""},"mobile":{"background-color":"","background-image":"","background-repeat":"repeat","background-position":"center center","background-size":"auto","background-attachment":"scroll","background-type":"","background-media":"","overlay-type":"","overlay-color":"","overlay-opacity":"","overlay-gradient":""}},"ast-content-background-meta":{"desktop":{"background-color":"var(--ast-global-color-5)","background-image":"","background-repeat":"repeat","background-position":"center center","background-size":"auto","background-attachment":"scroll","background-type":"","background-media":"","overlay-type":"","overlay-color":"","overlay-opacity":"","overlay-gradient":""},"tablet":{"background-color":"var(--ast-global-color-5)","background-image":"","background-repeat":"repeat","background-position":"center center","background-size":"auto","background-attachment":"scroll","background-type":"","background-media":"","overlay-type":"","overlay-color":"","overlay-opacity":"","overlay-gradient":""},"mobile":{"background-color":"var(--ast-global-color-5)","background-image":"","background-repeat":"repeat","background-position":"center center","background-size":"auto","background-attachment":"scroll","background-type":"","background-media":"","overlay-type":"","overlay-color":"","overlay-opacity":"","overlay-gradient":""}},"_themeisle_gutenberg_block_has_review":false,"footnotes":""},"class_list":["post-2745","page","type-page","status-publish","hentry"],"_links":{"self":[{"href":"https:\/\/flipclass.cl\/pt\/wp-json\/wp\/v2\/pages\/2745","targetHints":{"allow":["GET"]}}],"collection":[{"href":"https:\/\/flipclass.cl\/pt\/wp-json\/wp\/v2\/pages"}],"about":[{"href":"https:\/\/flipclass.cl\/pt\/wp-json\/wp\/v2\/types\/page"}],"author":[{"embeddable":true,"href":"https:\/\/flipclass.cl\/pt\/wp-json\/wp\/v2\/users\/1"}],"replies":[{"embeddable":true,"href":"https:\/\/flipclass.cl\/pt\/wp-json\/wp\/v2\/comments?post=2745"}],"version-history":[{"count":13,"href":"https:\/\/flipclass.cl\/pt\/wp-json\/wp\/v2\/pages\/2745\/revisions"}],"predecessor-version":[{"id":3155,"href":"https:\/\/flipclass.cl\/pt\/wp-json\/wp\/v2\/pages\/2745\/revisions\/3155"}],"wp:attachment":[{"href":"https:\/\/flipclass.cl\/pt\/wp-json\/wp\/v2\/media?parent=2745"}],"curies":[{"name":"wp","href":"https:\/\/api.w.org\/{rel}","templated":true}]}}