{"id":2733,"date":"2025-10-04T16:25:14","date_gmt":"2025-10-04T19:25:14","guid":{"rendered":"https:\/\/flipclass.cl\/?page_id=2733"},"modified":"2025-11-14T20:26:58","modified_gmt":"2025-11-14T23:26:58","slug":"servicios","status":"publish","type":"page","link":"https:\/\/flipclass.cl\/pt\/servicios\/","title":{"rendered":"servicios"},"content":{"rendered":"<div data-elementor-type=\"wp-page\" data-elementor-id=\"2733\" class=\"elementor elementor-2733\" data-elementor-settings=\"{&quot;ha_cmc_init_switcher&quot;:&quot;no&quot;}\" data-elementor-post-type=\"page\">\n\t\t\t\t<div class=\"has_eae_slider elementor-element elementor-element-530252a e-flex e-con-boxed e-con e-parent\" data-eae-slider=\"27822\" data-id=\"530252a\" data-element_type=\"container\" data-settings=\"{&quot;background_background&quot;:&quot;classic&quot;,&quot;_ha_eqh_enable&quot;:false}\">\n\t\t\t\t\t<div class=\"e-con-inner\">\n\t\t<div class=\"has_eae_slider elementor-element elementor-element-bcf0c20 e-con-full e-flex e-con e-child\" data-eae-slider=\"30787\" data-id=\"bcf0c20\" data-element_type=\"container\" data-settings=\"{&quot;_ha_eqh_enable&quot;:false}\">\n\t\t\t\t<div class=\"elementor-element elementor-element-878ed8d elementor-widget elementor-widget-heading\" data-id=\"878ed8d\" data-element_type=\"widget\" data-widget_type=\"heading.default\">\n\t\t\t\t<div class=\"elementor-widget-container\">\n\t\t\t\t\t<h1 class=\"elementor-heading-title elementor-size-default\">Servi\u00e7os<\/h1>\t\t\t\t<\/div>\n\t\t\t\t<\/div>\n\t\t\t\t<div class=\"elementor-element elementor-element-45cda6f elementor-widget elementor-widget-text-editor\" data-id=\"45cda6f\" data-element_type=\"widget\" data-widget_type=\"text-editor.default\">\n\t\t\t\t<div class=\"elementor-widget-container\">\n\t\t\t\t\t\t\t\t\t<p>Em <b>Flip-Class<\/b> ofrecemos soluciones flexibles y de alta tecnolog\u00eda, dise\u00f1adas para cada tipo de necesidad: desde la capacitaci\u00f3n corporativa hasta el desarrollo individual y acad\u00e9mico.<\/p>\t\t\t\t\t\t\t\t<\/div>\n\t\t\t\t<\/div>\n\t\t\t\t<\/div>\n\t\t\t\t\t<\/div>\n\t\t\t\t<\/div>\n\t\t<div class=\"has_eae_slider elementor-element elementor-element-04fd806 e-flex e-con-boxed e-con e-parent\" data-eae-slider=\"88129\" data-id=\"04fd806\" data-element_type=\"container\" data-settings=\"{&quot;_ha_eqh_enable&quot;:false}\">\n\t\t\t\t\t<div class=\"e-con-inner\">\n\t\t<div class=\"has_eae_slider elementor-element elementor-element-fd95796 e-con-full e-flex e-con e-child\" data-eae-slider=\"39665\" data-id=\"fd95796\" data-element_type=\"container\" data-settings=\"{&quot;_ha_eqh_enable&quot;:false}\">\n\t\t\t\t<div class=\"elementor-element elementor-element-7237e51 elementor-widget elementor-widget-heading\" data-id=\"7237e51\" data-element_type=\"widget\" data-widget_type=\"heading.default\">\n\t\t\t\t<div class=\"elementor-widget-container\">\n\t\t\t\t\t<h6 class=\"elementor-heading-title elementor-size-default\">Nuestra Oferta Educativa<\/h6>\t\t\t\t<\/div>\n\t\t\t\t<\/div>\n\t\t\t\t<div class=\"elementor-element elementor-element-766c0df elementor-widget elementor-widget-heading\" data-id=\"766c0df\" data-element_type=\"widget\" data-widget_type=\"heading.default\">\n\t\t\t\t<div class=\"elementor-widget-container\">\n\t\t\t\t\t<h2 class=\"elementor-heading-title elementor-size-default\">Cat\u00e1logo de servicios<\/h2>\t\t\t\t<\/div>\n\t\t\t\t<\/div>\n\t\t\t\t<\/div>\n\t\t<div class=\"has_eae_slider elementor-element elementor-element-76b528e e-con-full e-flex e-con e-child\" data-eae-slider=\"14161\" data-id=\"76b528e\" data-element_type=\"container\" data-settings=\"{&quot;_ha_eqh_enable&quot;:false}\">\n\t\t\t\t<div class=\"elementor-element elementor-element-ec160dd elementor-widget elementor-widget-text-editor\" data-id=\"ec160dd\" data-element_type=\"widget\" data-widget_type=\"text-editor.default\">\n\t\t\t\t<div class=\"elementor-widget-container\">\n\t\t\t\t\t\t\t\t\t<p>Todas nuestras formaciones cumplen con los <b>est\u00e1ndares de calidad de ELL Technologies<\/b> y est\u00e1n dise\u00f1adas para tu \u00e9xito o el de tu instituci\u00f3n. Al finalizar, recibir\u00e1s un <b>certificado con valor profesional<\/b> que podr\u00e1s agregar a tu curr\u00edculum. \u00a1Elige la ruta que necesitas y empieza a construir tu futuro biling\u00fce!<\/p>\t\t\t\t\t\t\t\t<\/div>\n\t\t\t\t<\/div>\n\t\t\t\t<\/div>\n\t\t\t\t\t<\/div>\n\t\t\t\t<\/div>\n\t\t<div class=\"has_eae_slider elementor-element elementor-element-167f8c1 e-grid e-con-full e-con e-parent\" data-eae-slider=\"57060\" data-id=\"167f8c1\" data-element_type=\"container\" data-settings=\"{&quot;_ha_eqh_enable&quot;:false}\">\n\t\t\t\t<div class=\"elementor-element elementor-element-a483e2e ha-card--top ha-card--tablet-top ha-card--mobile-top elementor-widget elementor-widget-ha-card happy-addon ha-card\" data-id=\"a483e2e\" data-element_type=\"widget\" data-widget_type=\"ha-card.default\">\n\t\t\t\t<div class=\"elementor-widget-container\">\n\t\t\t\t\t\n\t\t\t\t\t<figure class=\"ha-card-figure\">\n\t\t\t\t<img fetchpriority=\"high\" decoding=\"async\" width=\"1024\" height=\"684\" src=\"https:\/\/flipclass.cl\/wp-content\/uploads\/2021\/04\/empresarial--1024x684.jpg\" class=\"attachment-large size-large wp-image-876\" alt=\"Empresarial 1024x684\" srcset=\"https:\/\/flipclass.cl\/wp-content\/uploads\/2021\/04\/empresarial--1024x684.jpg 1024w, https:\/\/flipclass.cl\/wp-content\/uploads\/2021\/04\/empresarial--300x200.jpg 300w, https:\/\/flipclass.cl\/wp-content\/uploads\/2021\/04\/empresarial--768x513.jpg 768w, https:\/\/flipclass.cl\/wp-content\/uploads\/2021\/04\/empresarial-.jpg 1204w\" sizes=\"(max-width: 1024px) 100vw, 1024px\" title=\"servicios\">\t\t\t\t\t\t\t<\/figure>\n\t\t\n\t\t<div class=\"ha-card-body\">\n\n\t\t\t<h2 class=\"ha-card-title\">Servicio para empresas<\/h2>\n\t\t\t\t\t\t\t<div class=\"ha-card-text\">\n\t\t\t\t\t<p>Soluciones Biling\u00fces Corporativas. Programas de capacitaci\u00f3n especializados para empresas en todas las modalidades (E-learning, Blended, Virtual). Enfocado en el desarrollo de habilidades y fluidez del equipo de trabajo.<\/p>\n\t\t\t\t<\/div>\n\t\t\t\n\t\t\t<a class=\"ha-btn\" href=\"https:\/\/flipclass.cl\/pt\/servicio-empresa\/\"><span class=\"ha-btn-text\">Ver informaci\u00f3n<\/span><\/a>\t\t<\/div>\n\t\t\t\t\t\t<\/div>\n\t\t\t\t<\/div>\n\t\t\t\t<div class=\"elementor-element elementor-element-1c875b5 ha-card--top ha-card--tablet-top ha-card--mobile-top elementor-widget elementor-widget-ha-card happy-addon ha-card\" data-id=\"1c875b5\" data-element_type=\"widget\" data-widget_type=\"ha-card.default\">\n\t\t\t\t<div class=\"elementor-widget-container\">\n\t\t\t\t\t\n\t\t\t\t\t<figure class=\"ha-card-figure\">\n\t\t\t\t<img decoding=\"async\" width=\"1024\" height=\"683\" src=\"https:\/\/flipclass.cl\/wp-content\/uploads\/2021\/04\/graduated-1024x683.jpg\" class=\"attachment-large size-large wp-image-1709\" alt=\"Graduated 1024x683\" srcset=\"https:\/\/flipclass.cl\/wp-content\/uploads\/2021\/04\/graduated-1024x683.jpg 1024w, https:\/\/flipclass.cl\/wp-content\/uploads\/2021\/04\/graduated-300x200.jpg 300w, https:\/\/flipclass.cl\/wp-content\/uploads\/2021\/04\/graduated-768x512.jpg 768w, https:\/\/flipclass.cl\/wp-content\/uploads\/2021\/04\/graduated.jpg 1375w\" sizes=\"(max-width: 1024px) 100vw, 1024px\" title=\"servicios\">\t\t\t\t\t\t\t<\/figure>\n\t\t\n\t\t<div class=\"ha-card-body\">\n\n\t\t\t<h2 class=\"ha-card-title\">Servicios educacionales <\/h2>\n\t\t\t\t\t\t\t<div class=\"ha-card-text\">\n\t\t\t\t\t<p>Contenido Acad\u00e9micos de Alto Nivel. Soluciones especiales para universidades, institutos y colegios. El contenido est\u00e1 alineado a niveles MCER (Marco Com\u00fan Europeo de Referencia) y enfocado a la certificaci\u00f3n.<\/p>\n\t\t\t\t<\/div>\n\t\t\t\n\t\t\t<a class=\"ha-btn\" href=\"https:\/\/flipclass.cl\/pt\/servicio-educacion\/\"><span class=\"ha-btn-text\">Ver informaci\u00f3n<\/span><\/a>\t\t<\/div>\n\t\t\t\t\t\t<\/div>\n\t\t\t\t<\/div>\n\t\t\t\t<div class=\"elementor-element elementor-element-36edc31 ha-card--top ha-card--tablet-top ha-card--mobile-top elementor-widget elementor-widget-ha-card happy-addon ha-card\" data-id=\"36edc31\" data-element_type=\"widget\" data-widget_type=\"ha-card.default\">\n\t\t\t\t<div class=\"elementor-widget-container\">\n\t\t\t\t\t\n\t\t\t\t\t<figure class=\"ha-card-figure\">\n\t\t\t\t<img decoding=\"async\" width=\"1024\" height=\"683\" src=\"https:\/\/flipclass.cl\/wp-content\/uploads\/2021\/04\/estudiantes-flipclass-1024x683.jpg\" class=\"attachment-large size-large wp-image-1176\" alt=\"Estudiantes Flipclass 1024x683\" srcset=\"https:\/\/flipclass.cl\/wp-content\/uploads\/2021\/04\/estudiantes-flipclass-1024x683.jpg 1024w, https:\/\/flipclass.cl\/wp-content\/uploads\/2021\/04\/estudiantes-flipclass-300x200.jpg 300w, https:\/\/flipclass.cl\/wp-content\/uploads\/2021\/04\/estudiantes-flipclass-768x512.jpg 768w, https:\/\/flipclass.cl\/wp-content\/uploads\/2021\/04\/estudiantes-flipclass.jpg 1440w\" sizes=\"(max-width: 1024px) 100vw, 1024px\" title=\"servicios\">\t\t\t\t\t\t\t<\/figure>\n\t\t\n\t\t<div class=\"ha-card-body\">\n\n\t\t\t<h2 class=\"ha-card-title\">Servicios para clases privadas<\/h2>\n\t\t\t\t\t\t\t<div class=\"ha-card-text\">\n\t\t\t\t\t<p>Tu Desarrollo, Tu Ritmo. Soluciones de autoaprendizaje y clases personalizadas para personas naturales o profesionales que quieren estudiar de forma particular. Flexibilidad total adaptada a tu propio ritmo.<\/p>\n\t\t\t\t<\/div>\n\t\t\t\n\t\t\t<a class=\"ha-btn\" href=\"https:\/\/flipclass.cl\/pt\/servicio-privado\/\"><span class=\"ha-btn-text\">Ver informaci\u00f3n<\/span><\/a>\t\t<\/div>\n\t\t\t\t\t\t<\/div>\n\t\t\t\t<\/div>\n\t\t\t\t<div class=\"elementor-element elementor-element-e8a84fd ha-card--top ha-card--tablet-top ha-card--mobile-top elementor-widget elementor-widget-ha-card happy-addon ha-card\" data-id=\"e8a84fd\" data-element_type=\"widget\" data-widget_type=\"ha-card.default\">\n\t\t\t\t<div class=\"elementor-widget-container\">\n\t\t\t\t\t\n\t\t\t\t\t<figure class=\"ha-card-figure\">\n\t\t\t\t<img loading=\"lazy\" decoding=\"async\" width=\"1024\" height=\"683\" src=\"https:\/\/flipclass.cl\/wp-content\/uploads\/2025\/11\/pexels-photo-335393-335393-1-scaled.jpg\" class=\"attachment-large size-large wp-image-3134\" alt=\"pexels photo 335393 335393 1\" srcset=\"https:\/\/flipclass.cl\/wp-content\/uploads\/2025\/11\/pexels-photo-335393-335393-1-scaled.jpg 2560w, https:\/\/flipclass.cl\/wp-content\/uploads\/2025\/11\/pexels-photo-335393-335393-1-300x200.jpg 300w\" sizes=\"(max-width: 1024px) 100vw, 1024px\" title=\"servicios\">\t\t\t\t\t\t\t<\/figure>\n\t\t\n\t\t<div class=\"ha-card-body\">\n\n\t\t\t<h2 class=\"ha-card-title\">Servicios de traducci\u00f3n profesional<\/h2>\n\t\t\t\t\t\t\t<div class=\"ha-card-text\">\n\t\t\t\t\t<p>Comunicaci\u00f3n global sin barreras. Traductores especializados en diversos campos aseguran la precisi\u00f3n y fidelidad cultural de tus documentos. Garantizamos confidencialidad y entregas puntuales para todos tus proyectos.<\/p>\n\t\t\t\t<\/div>\n\t\t\t\n\t\t\t<a class=\"ha-btn\" href=\"https:\/\/flipclass.cl\/pt\/traducciones\/\"><span class=\"ha-btn-text\">Ver informaci\u00f3n<\/span><\/a>\t\t<\/div>\n\t\t\t\t\t\t<\/div>\n\t\t\t\t<\/div>\n\t\t\t\t<\/div>\n\t\t\t\t<\/div>","protected":false},"excerpt":{"rendered":"<p>Servicios En Flip-Class ofrecemos soluciones flexibles y de alta tecnolog\u00eda, dise\u00f1adas para cada tipo de necesidad: desde la capacitaci\u00f3n corporativa hasta el desarrollo individual y acad\u00e9mico. Nuestra Oferta Educativa Cat\u00e1logo de servicios Todas nuestras formaciones cumplen con los est\u00e1ndares de calidad de ELL Technologies y est\u00e1n dise\u00f1adas para tu \u00e9xito o el de tu instituci\u00f3n. [&hellip;]<\/p>","protected":false},"author":1,"featured_media":0,"parent":0,"menu_order":0,"comment_status":"closed","ping_status":"closed","template":"","meta":{"inline_featured_image":false,"site-sidebar-layout":"no-sidebar","site-content-layout":"page-builder","ast-site-content-layout":"full-width-container","site-content-style":"default","site-sidebar-style":"default","ast-global-header-display":"","ast-banner-title-visibility":"","ast-main-header-display":"","ast-hfb-above-header-display":"","ast-hfb-below-header-display":"","ast-hfb-mobile-header-display":"","site-post-title":"disabled","ast-breadcrumbs-content":"","ast-featured-img":"disabled","footer-sml-layout":"","theme-transparent-header-meta":"","adv-header-id-meta":"","stick-header-meta":"","header-above-stick-meta":"","header-main-stick-meta":"","header-below-stick-meta":"","astra-migrate-meta-layouts":"set","ast-page-background-enabled":"default","ast-page-background-meta":{"desktop":{"background-color":"","background-image":"","background-repeat":"repeat","background-position":"center center","background-size":"auto","background-attachment":"scroll","background-type":"","background-media":"","overlay-type":"","overlay-color":"","overlay-opacity":"","overlay-gradient":""},"tablet":{"background-color":"","background-image":"","background-repeat":"repeat","background-position":"center center","background-size":"auto","background-attachment":"scroll","background-type":"","background-media":"","overlay-type":"","overlay-color":"","overlay-opacity":"","overlay-gradient":""},"mobile":{"background-color":"","background-image":"","background-repeat":"repeat","background-position":"center center","background-size":"auto","background-attachment":"scroll","background-type":"","background-media":"","overlay-type":"","overlay-color":"","overlay-opacity":"","overlay-gradient":""}},"ast-content-background-meta":{"desktop":{"background-color":"var(--ast-global-color-5)","background-image":"","background-repeat":"repeat","background-position":"center center","background-size":"auto","background-attachment":"scroll","background-type":"","background-media":"","overlay-type":"","overlay-color":"","overlay-opacity":"","overlay-gradient":""},"tablet":{"background-color":"var(--ast-global-color-5)","background-image":"","background-repeat":"repeat","background-position":"center center","background-size":"auto","background-attachment":"scroll","background-type":"","background-media":"","overlay-type":"","overlay-color":"","overlay-opacity":"","overlay-gradient":""},"mobile":{"background-color":"var(--ast-global-color-5)","background-image":"","background-repeat":"repeat","background-position":"center center","background-size":"auto","background-attachment":"scroll","background-type":"","background-media":"","overlay-type":"","overlay-color":"","overlay-opacity":"","overlay-gradient":""}},"_themeisle_gutenberg_block_has_review":false,"footnotes":""},"class_list":["post-2733","page","type-page","status-publish","hentry"],"_links":{"self":[{"href":"https:\/\/flipclass.cl\/pt\/wp-json\/wp\/v2\/pages\/2733","targetHints":{"allow":["GET"]}}],"collection":[{"href":"https:\/\/flipclass.cl\/pt\/wp-json\/wp\/v2\/pages"}],"about":[{"href":"https:\/\/flipclass.cl\/pt\/wp-json\/wp\/v2\/types\/page"}],"author":[{"embeddable":true,"href":"https:\/\/flipclass.cl\/pt\/wp-json\/wp\/v2\/users\/1"}],"replies":[{"embeddable":true,"href":"https:\/\/flipclass.cl\/pt\/wp-json\/wp\/v2\/comments?post=2733"}],"version-history":[{"count":29,"href":"https:\/\/flipclass.cl\/pt\/wp-json\/wp\/v2\/pages\/2733\/revisions"}],"predecessor-version":[{"id":3137,"href":"https:\/\/flipclass.cl\/pt\/wp-json\/wp\/v2\/pages\/2733\/revisions\/3137"}],"wp:attachment":[{"href":"https:\/\/flipclass.cl\/pt\/wp-json\/wp\/v2\/media?parent=2733"}],"curies":[{"name":"wp","href":"https:\/\/api.w.org\/{rel}","templated":true}]}}