{"id":2496,"date":"2025-10-01T20:13:13","date_gmt":"2025-10-01T23:13:13","guid":{"rendered":"https:\/\/flipclass.cl\/all-courses\/"},"modified":"2025-11-14T01:40:32","modified_gmt":"2025-11-14T04:40:32","slug":"all-courses","status":"publish","type":"page","link":"https:\/\/flipclass.cl\/pt\/all-courses\/","title":{"rendered":"All Courses"},"content":{"rendered":"<div data-elementor-type=\"wp-page\" data-elementor-id=\"2496\" class=\"elementor elementor-2496\" data-elementor-settings=\"{&quot;ha_cmc_init_switcher&quot;:&quot;no&quot;}\" data-elementor-post-type=\"page\">\n\t\t\t\t<div class=\"has_eae_slider elementor-element elementor-element-d446ace e-flex e-con-boxed e-con e-parent\" data-eae-slider=\"11976\" data-id=\"d446ace\" data-element_type=\"container\" data-settings=\"{&quot;background_background&quot;:&quot;classic&quot;,&quot;_ha_eqh_enable&quot;:false}\">\n\t\t\t\t\t<div class=\"e-con-inner\">\n\t\t<div class=\"has_eae_slider elementor-element elementor-element-71a9d64 e-con-full e-flex e-con e-child\" data-eae-slider=\"18777\" data-id=\"71a9d64\" data-element_type=\"container\" data-settings=\"{&quot;_ha_eqh_enable&quot;:false}\">\n\t\t\t\t<div class=\"elementor-element elementor-element-e40d5c8 elementor-widget elementor-widget-heading\" data-id=\"e40d5c8\" data-element_type=\"widget\" data-widget_type=\"heading.default\">\n\t\t\t\t<div class=\"elementor-widget-container\">\n\t\t\t\t\t<h1 class=\"elementor-heading-title elementor-size-default\">Todos los cursos<\/h1>\t\t\t\t<\/div>\n\t\t\t\t<\/div>\n\t\t\t\t<div class=\"elementor-element elementor-element-df164c9 elementor-widget elementor-widget-text-editor\" data-id=\"df164c9\" data-element_type=\"widget\" data-widget_type=\"text-editor.default\">\n\t\t\t\t<div class=\"elementor-widget-container\">\n\t\t\t\t\t\t\t\t\t<p>\u00abElige tu pr\u00f3ximo idioma y empieza a hablar desde hoy. Cada uno de nuestros cursos, sin importar el idioma, est\u00e1 dise\u00f1ado con la metodolog\u00eda probada de <span style=\"color: #ff9900;\">Flip-Class<\/span> y la tecnolog\u00eda de punta de ELL Technologies para garantizarte un aprendizaje efectivo, flexible y con resultados reales.\u00bb<\/p>\t\t\t\t\t\t\t\t<\/div>\n\t\t\t\t<\/div>\n\t\t\t\t<\/div>\n\t\t\t\t\t<\/div>\n\t\t\t\t<\/div>\n\t\t<div class=\"has_eae_slider elementor-element elementor-element-3b8b209 e-flex e-con-boxed e-con e-parent\" data-eae-slider=\"53722\" data-id=\"3b8b209\" data-element_type=\"container\" data-settings=\"{&quot;_ha_eqh_enable&quot;:false}\">\n\t\t\t\t\t<div class=\"e-con-inner\">\n\t\t<div class=\"has_eae_slider elementor-element elementor-element-2bee5f5 e-con-full e-flex e-con e-child\" data-eae-slider=\"41406\" data-id=\"2bee5f5\" data-element_type=\"container\" data-settings=\"{&quot;_ha_eqh_enable&quot;:false}\">\n\t\t\t\t<div class=\"elementor-element elementor-element-386f065 elementor-widget elementor-widget-heading\" data-id=\"386f065\" data-element_type=\"widget\" data-widget_type=\"heading.default\">\n\t\t\t\t<div class=\"elementor-widget-container\">\n\t\t\t\t\t<h6 class=\"elementor-heading-title elementor-size-default\">Nuestra Oferta Educativa <\/h6>\t\t\t\t<\/div>\n\t\t\t\t<\/div>\n\t\t\t\t<div class=\"elementor-element elementor-element-159a9a0 elementor-widget elementor-widget-heading\" data-id=\"159a9a0\" data-element_type=\"widget\" data-widget_type=\"heading.default\">\n\t\t\t\t<div class=\"elementor-widget-container\">\n\t\t\t\t\t<h2 class=\"elementor-heading-title elementor-size-default\">Cat\u00e1logo de Cursos<\/h2>\t\t\t\t<\/div>\n\t\t\t\t<\/div>\n\t\t\t\t<\/div>\n\t\t<div class=\"has_eae_slider elementor-element elementor-element-1db74a6 e-con-full e-flex e-con e-child\" data-eae-slider=\"40917\" data-id=\"1db74a6\" data-element_type=\"container\" data-settings=\"{&quot;_ha_eqh_enable&quot;:false}\">\n\t\t\t\t<div class=\"elementor-element elementor-element-3088a87 elementor-widget elementor-widget-text-editor\" data-id=\"3088a87\" data-element_type=\"widget\" data-widget_type=\"text-editor.default\">\n\t\t\t\t<div class=\"elementor-widget-container\">\n\t\t\t\t\t\t\t\t\t<p>Todos nuestros programas cumplen con los <b>est\u00e1ndares de calidad de ELL Technologies<\/b> y est\u00e1n dise\u00f1ados para tu \u00e9xito. No solo obtendr\u00e1s fluidez; al finalizar, recibir\u00e1s un <b>certificado con valor profesional<\/b> que podr\u00e1s agregar a tu curr\u00edculum. \u00a1Elige tu idioma y empieza a construir tu futuro!<\/p>\t\t\t\t\t\t\t\t<\/div>\n\t\t\t\t<\/div>\n\t\t\t\t<\/div>\n\t\t\t\t\t<\/div>\n\t\t\t\t<\/div>\n\t\t<div class=\"has_eae_slider elementor-element elementor-element-65080aa e-grid e-con-boxed e-con e-parent\" data-eae-slider=\"87130\" data-id=\"65080aa\" data-element_type=\"container\" data-settings=\"{&quot;_ha_eqh_enable&quot;:false}\">\n\t\t\t\t\t<div class=\"e-con-inner\">\n\t\t\t\t<div class=\"elementor-element elementor-element-5f90d86 ha-card--top ha-card--tablet-top ha-card--mobile-top elementor-widget elementor-widget-ha-card happy-addon ha-card\" data-id=\"5f90d86\" data-element_type=\"widget\" data-widget_type=\"ha-card.default\">\n\t\t\t\t<div class=\"elementor-widget-container\">\n\t\t\t\t\t\n\t\t\t\t\t<figure class=\"ha-card-figure\">\n\t\t\t\t<img fetchpriority=\"high\" decoding=\"async\" width=\"696\" height=\"466\" src=\"https:\/\/flipclass.cl\/wp-content\/uploads\/2021\/04\/Programa-Ninos.jpg\" class=\"attachment-large size-large wp-image-815\" alt=\"Programa Ninos\" srcset=\"https:\/\/flipclass.cl\/wp-content\/uploads\/2021\/04\/Programa-Ninos.jpg 696w, https:\/\/flipclass.cl\/wp-content\/uploads\/2021\/04\/Programa-Ninos-300x201.jpg 300w\" sizes=\"(max-width: 696px) 100vw, 696px\" title=\"All Courses\">\t\t\t\t\t\t\t\t\t<div class=\"ha-badge ha-badge--top-right\">Ni\u00f1os<\/div>\n\t\t\t\t\t\t\t<\/figure>\n\t\t\n\t\t<div class=\"ha-card-body\">\n\n\t\t\t<h2 class=\"ha-card-title\">Winnie's World<\/h2>\n\t\t\t\t\t\t\t<div class=\"ha-card-text\">\n\t\t\t\t\t<p>Curso de ingl\u00e9s para ni\u00f1os en fase de pre-lectura (5-7 a\u00f1os) basado en juegos. Optimizado para tablets y computadores. Temas atractivos con personajes amigables.\nDisponible en E-Learning y Blended Learning.<\/p>\n\t\t\t\t<\/div>\n\t\t\t\n\t\t\t<a class=\"ha-btn\" href=\"https:\/\/flipclass.cl\/pt\/winnies-world\/\"><span class=\"ha-btn-text\">Ver informaci\u00f3n<\/span><\/a>\t\t<\/div>\n\t\t\t\t\t\t<\/div>\n\t\t\t\t<\/div>\n\t\t\t\t<div class=\"elementor-element elementor-element-7c9a51a ha-card--top ha-card--tablet-top ha-card--mobile-top elementor-widget elementor-widget-ha-card happy-addon ha-card\" data-id=\"7c9a51a\" data-element_type=\"widget\" data-widget_type=\"ha-card.default\">\n\t\t\t\t<div class=\"elementor-widget-container\">\n\t\t\t\t\t\n\t\t\t\t\t<figure class=\"ha-card-figure\">\n\t\t\t\t<img decoding=\"async\" width=\"1024\" height=\"373\" src=\"https:\/\/flipclass.cl\/wp-content\/uploads\/2021\/03\/bg-07-free-img-1024x373.jpg\" class=\"attachment-large size-large wp-image-2492\" alt=\"bg 07 free img\" srcset=\"https:\/\/flipclass.cl\/wp-content\/uploads\/2021\/03\/bg-07-free-img-1024x373.jpg 1024w, https:\/\/flipclass.cl\/wp-content\/uploads\/2021\/03\/bg-07-free-img-300x109.jpg 300w, https:\/\/flipclass.cl\/wp-content\/uploads\/2021\/03\/bg-07-free-img-768x280.jpg 768w, https:\/\/flipclass.cl\/wp-content\/uploads\/2021\/03\/bg-07-free-img-1536x560.jpg 1536w, https:\/\/flipclass.cl\/wp-content\/uploads\/2021\/03\/bg-07-free-img.jpg 1920w\" sizes=\"(max-width: 1024px) 100vw, 1024px\" title=\"All Courses\">\t\t\t\t\t\t\t\t\t<div class=\"ha-badge ha-badge--top-right\">Ni\u00f1os<\/div>\n\t\t\t\t\t\t\t<\/figure>\n\t\t\n\t\t<div class=\"ha-card-body\">\n\n\t\t\t<h2 class=\"ha-card-title\">English AcadeME Junior<\/h2>\n\t\t\t\t\t\t\t<div class=\"ha-card-text\">\n\t\t\t\t\t<p>Programa dise\u00f1ado para estudiantes de educaci\u00f3n primaria (7 \u2013 14 a\u00f1os). Curso interactivo en l\u00ednea que cultiva el inter\u00e9s de los ni\u00f1os por el aprendizaje del ingl\u00e9s. Disponible en E-Learning y Blended Learning.<\/p>\n\t\t\t\t<\/div>\n\t\t\t\n\t\t\t<a class=\"ha-btn\" href=\"https:\/\/flipclass.cl\/pt\/english-academe-junior\/\"><span class=\"ha-btn-text\">Ver informaci\u00f3n<\/span><\/a>\t\t<\/div>\n\t\t\t\t\t\t<\/div>\n\t\t\t\t<\/div>\n\t\t\t\t<div class=\"elementor-element elementor-element-0cdade1 ha-card--top ha-card--tablet-top ha-card--mobile-top elementor-widget elementor-widget-ha-card happy-addon ha-card\" data-id=\"0cdade1\" data-element_type=\"widget\" data-widget_type=\"ha-card.default\">\n\t\t\t\t<div class=\"elementor-widget-container\">\n\t\t\t\t\t\n\t\t\t\t\t<figure class=\"ha-card-figure\">\n\t\t\t\t<img decoding=\"async\" width=\"1024\" height=\"683\" src=\"https:\/\/flipclass.cl\/wp-content\/uploads\/2021\/04\/estudiantes-flipclass-1024x683.jpg\" class=\"attachment-large size-large wp-image-1176\" alt=\"Estudiantes Flipclass 1024x683\" srcset=\"https:\/\/flipclass.cl\/wp-content\/uploads\/2021\/04\/estudiantes-flipclass-1024x683.jpg 1024w, https:\/\/flipclass.cl\/wp-content\/uploads\/2021\/04\/estudiantes-flipclass-300x200.jpg 300w, https:\/\/flipclass.cl\/wp-content\/uploads\/2021\/04\/estudiantes-flipclass-768x512.jpg 768w, https:\/\/flipclass.cl\/wp-content\/uploads\/2021\/04\/estudiantes-flipclass.jpg 1440w\" sizes=\"(max-width: 1024px) 100vw, 1024px\" title=\"All Courses\">\t\t\t\t\t\t\t\t\t<div class=\"ha-badge ha-badge--top-right\">J\u00f3venes y Adultos\u200b<\/div>\n\t\t\t\t\t\t\t<\/figure>\n\t\t\n\t\t<div class=\"ha-card-body\">\n\n\t\t\t<h2 class=\"ha-card-title\">English For Success<\/h2>\n\t\t\t\t\t\t\t<div class=\"ha-card-text\">\n\t\t\t\t\t<p>Programa de ingl\u00e9s desarrollado por expertos en pedagog\u00eda y alineado a Cambridge University Press para Educaci\u00f3n Superior y para profesionales del segmento Corporativo. Niveles MCER: Pre-A1 a B2.3<\/p>\n\t\t\t\t<\/div>\n\t\t\t\n\t\t\t<a class=\"ha-btn\" href=\"https:\/\/flipclass.cl\/pt\/curso-english-for-success\/\"><span class=\"ha-btn-text\">Ver informaci\u00f3n<\/span><\/a>\t\t<\/div>\n\t\t\t\t\t\t<\/div>\n\t\t\t\t<\/div>\n\t\t\t\t\t<\/div>\n\t\t\t\t<\/div>\n\t\t<div class=\"has_eae_slider elementor-element elementor-element-846d187 e-grid e-con-boxed e-con e-parent\" data-eae-slider=\"34980\" data-id=\"846d187\" data-element_type=\"container\" data-settings=\"{&quot;_ha_eqh_enable&quot;:false}\">\n\t\t\t\t\t<div class=\"e-con-inner\">\n\t\t\t\t<div class=\"elementor-element elementor-element-22b1c8e ha-card--top ha-card--tablet-top ha-card--mobile-top elementor-widget elementor-widget-ha-card happy-addon ha-card\" data-id=\"22b1c8e\" data-element_type=\"widget\" data-widget_type=\"ha-card.default\">\n\t\t\t\t<div class=\"elementor-widget-container\">\n\t\t\t\t\t\n\t\t\t\t\t<figure class=\"ha-card-figure\">\n\t\t\t\t<img loading=\"lazy\" decoding=\"async\" width=\"696\" height=\"464\" src=\"https:\/\/flipclass.cl\/wp-content\/uploads\/2021\/04\/Programa-Adultos.jpg\" class=\"attachment-large size-large wp-image-813\" alt=\"Programa Adultos\" srcset=\"https:\/\/flipclass.cl\/wp-content\/uploads\/2021\/04\/Programa-Adultos.jpg 696w, https:\/\/flipclass.cl\/wp-content\/uploads\/2021\/04\/Programa-Adultos-300x200.jpg 300w\" sizes=\"(max-width: 696px) 100vw, 696px\" title=\"All Courses\">\t\t\t\t\t\t\t\t\t<div class=\"ha-badge ha-badge--top-right\">J\u00f3venes y adultos\u200b<\/div>\n\t\t\t\t\t\t\t<\/figure>\n\t\t\n\t\t<div class=\"ha-card-body\">\n\n\t\t\t<h2 class=\"ha-card-title\">English For Business\u200b<\/h2>\n\t\t\t\t\t\t\t<div class=\"ha-card-text\">\n\t\t\t\t\t<p>Para estudiantes de nivel intermedio. Potencia el aprendizaje de vocabulario de negocios con situaciones de la vida real como entrevistas, reuniones, discusiones, propuestas, resoluci\u00f3n de problemas y comunicaci\u00f3n efectiva. <b>Niveles MCER: B1-B2<\/b>.<\/p>\n\t\t\t\t<\/div>\n\t\t\t\n\t\t\t<a class=\"ha-btn\" href=\"https:\/\/flipclass.cl\/pt\/curso-bussines\/\"><span class=\"ha-btn-text\">Ver informaci\u00f3n<\/span><\/a>\t\t<\/div>\n\t\t\t\t\t\t<\/div>\n\t\t\t\t<\/div>\n\t\t\t\t<div class=\"elementor-element elementor-element-596d3d8 ha-card--top ha-card--tablet-top ha-card--mobile-top elementor-widget elementor-widget-ha-card happy-addon ha-card\" data-id=\"596d3d8\" data-element_type=\"widget\" data-widget_type=\"ha-card.default\">\n\t\t\t\t<div class=\"elementor-widget-container\">\n\t\t\t\t\t\n\t\t\t\t\t<figure class=\"ha-card-figure\">\n\t\t\t\t<img loading=\"lazy\" decoding=\"async\" width=\"1024\" height=\"683\" src=\"https:\/\/flipclass.cl\/wp-content\/uploads\/2021\/04\/university-1024x683.jpg\" class=\"attachment-large size-large wp-image-1710\" alt=\"University 1024x683\" srcset=\"https:\/\/flipclass.cl\/wp-content\/uploads\/2021\/04\/university-1024x683.jpg 1024w, https:\/\/flipclass.cl\/wp-content\/uploads\/2021\/04\/university-300x200.jpg 300w, https:\/\/flipclass.cl\/wp-content\/uploads\/2021\/04\/university-768x512.jpg 768w, https:\/\/flipclass.cl\/wp-content\/uploads\/2021\/04\/university.jpg 1375w\" sizes=\"(max-width: 1024px) 100vw, 1024px\" title=\"All Courses\">\t\t\t\t\t\t\t\t\t<div class=\"ha-badge ha-badge--top-right\">J\u00f3venes y Adultos\u200b<\/div>\n\t\t\t\t\t\t\t<\/figure>\n\t\t\n\t\t<div class=\"ha-card-body\">\n\n\t\t\t<h2 class=\"ha-card-title\">Master\u200b<\/h2>\n\t\t\t\t\t\t\t<div class=\"ha-card-text\">\n\t\t\t\t\t<p>Programa de ingl\u00e9s acad\u00e9mico avanzado para alcanzar el <b>nivel C2 MCER<\/b>. Este curso se enfoca fuertemente en lectura, comprensi\u00f3n oral, escritura y conversaci\u00f3n para enfrentarse al ingl\u00e9s de nivel acad\u00e9mico e incorpora tecnolog\u00eda de vanguardia.<\/p>\n\t\t\t\t<\/div>\n\t\t\t\n\t\t\t<a class=\"ha-btn\" href=\"https:\/\/flipclass.cl\/pt\/master\/\"><span class=\"ha-btn-text\">Ver informaci\u00f3n<\/span><\/a>\t\t<\/div>\n\t\t\t\t\t\t<\/div>\n\t\t\t\t<\/div>\n\t\t\t\t\t<\/div>\n\t\t\t\t<\/div>\n\t\t<div class=\"has_eae_slider elementor-element elementor-element-b00cf95 e-flex e-con-boxed e-con e-parent\" data-eae-slider=\"32117\" data-id=\"b00cf95\" data-element_type=\"container\" data-settings=\"{&quot;_ha_eqh_enable&quot;:false}\">\n\t\t\t\t\t<div class=\"e-con-inner\">\n\t\t<div class=\"has_eae_slider elementor-element elementor-element-93c9944 e-con-full e-flex e-con e-child\" data-eae-slider=\"5618\" data-id=\"93c9944\" data-element_type=\"container\" data-settings=\"{&quot;_ha_eqh_enable&quot;:false}\">\n\t\t\t\t<div class=\"elementor-element elementor-element-701aaf2 elementor-widget elementor-widget-heading\" data-id=\"701aaf2\" data-element_type=\"widget\" data-widget_type=\"heading.default\">\n\t\t\t\t<div class=\"elementor-widget-container\">\n\t\t\t\t\t<h2 class=\"elementor-heading-title elementor-size-default\">Cursos de Preparaci\u00f3n para Desaf\u00edos Globales<\/h2>\t\t\t\t<\/div>\n\t\t\t\t<\/div>\n\t\t\t\t<\/div>\n\t\t<div class=\"has_eae_slider elementor-element elementor-element-666ebcc e-con-full e-flex e-con e-child\" data-eae-slider=\"89163\" data-id=\"666ebcc\" data-element_type=\"container\" data-settings=\"{&quot;_ha_eqh_enable&quot;:false}\">\n\t\t\t\t<div class=\"elementor-element elementor-element-1137240 elementor-widget elementor-widget-text-editor\" data-id=\"1137240\" data-element_type=\"widget\" data-widget_type=\"text-editor.default\">\n\t\t\t\t<div class=\"elementor-widget-container\">\n\t\t\t\t\t\t\t\t\t<p>En el mundo laboral y acad\u00e9mico, las certificaciones y la comunicaci\u00f3n efectiva son la clave. Nuestros cursos de preparaci\u00f3n est\u00e1n dise\u00f1ados para obtener <b>resultados medibles y r\u00e1pidos<\/b>, d\u00e1ndole las herramientas, el conocimiento y la confianza para superar pruebas espec\u00edficas, desde entrevistas laborales hasta ex\u00e1menes internacionales o certificaciones t\u00e9cnicas especializadas.<\/p>\t\t\t\t\t\t\t\t<\/div>\n\t\t\t\t<\/div>\n\t\t\t\t<\/div>\n\t\t\t\t\t<\/div>\n\t\t\t\t<\/div>\n\t\t<div class=\"has_eae_slider elementor-element elementor-element-a7edfdc e-grid e-con-boxed e-con e-parent\" data-eae-slider=\"94999\" data-id=\"a7edfdc\" data-element_type=\"container\" data-settings=\"{&quot;_ha_eqh_enable&quot;:false}\">\n\t\t\t\t\t<div class=\"e-con-inner\">\n\t\t\t\t<div class=\"elementor-element elementor-element-5d419fa ha-card--top ha-card--tablet-top ha-card--mobile-top elementor-widget elementor-widget-ha-card happy-addon ha-card\" data-id=\"5d419fa\" data-element_type=\"widget\" data-widget_type=\"ha-card.default\">\n\t\t\t\t<div class=\"elementor-widget-container\">\n\t\t\t\t\t\n\t\t\t\t\t<figure class=\"ha-card-figure\">\n\t\t\t\t<img loading=\"lazy\" decoding=\"async\" width=\"1024\" height=\"683\" src=\"https:\/\/flipclass.cl\/wp-content\/uploads\/2021\/04\/interview-1024x683.jpg\" class=\"attachment-large size-large wp-image-1369\" alt=\"Interview 1024x683\" srcset=\"https:\/\/flipclass.cl\/wp-content\/uploads\/2021\/04\/interview-1024x683.jpg 1024w, https:\/\/flipclass.cl\/wp-content\/uploads\/2021\/04\/interview-300x200.jpg 300w, https:\/\/flipclass.cl\/wp-content\/uploads\/2021\/04\/interview-768x512.jpg 768w, https:\/\/flipclass.cl\/wp-content\/uploads\/2021\/04\/interview-1536x1024.jpg 1536w, https:\/\/flipclass.cl\/wp-content\/uploads\/2021\/04\/interview-2048x1365.jpg 2048w\" sizes=\"(max-width: 1024px) 100vw, 1024px\" title=\"All Courses\">\t\t\t\t\t\t\t\t\t<div class=\"ha-badge ha-badge--top-right\">Presencial\/Virtual<\/div>\n\t\t\t\t\t\t\t<\/figure>\n\t\t\n\t\t<div class=\"ha-card-body\">\n\n\t\t\t<h2 class=\"ha-card-title\">Entrevista Laboral<\/h2>\n\t\t\t\t\t\t\t<div class=\"ha-card-text\">\n\t\t\t\t\t<p>Un curso intensivo y de corta duraci\u00f3n dise\u00f1ado para darte las herramientas y la confianza necesarias para superar con \u00e9xito cualquier entrevista laboral en ingl\u00e9s. Perfecciona tu vocabulario t\u00e9cnico y tu comunicaci\u00f3n efectiva. Requerimos una evaluaci\u00f3n de nivelaci\u00f3n inicial.<\/p>\n\t\t\t\t<\/div>\n\t\t\t\n\t\t\t<a class=\"ha-btn\" href=\"https:\/\/flipclass.cl\/pt\/contact\/\"><span class=\"ha-btn-text\">Solicitar Evaluaci\u00f3n<\/span><\/a>\t\t<\/div>\n\t\t\t\t\t\t<\/div>\n\t\t\t\t<\/div>\n\t\t\t\t<div class=\"elementor-element elementor-element-cd90946 ha-card--top ha-card--tablet-top ha-card--mobile-top elementor-widget elementor-widget-ha-card happy-addon ha-card\" data-id=\"cd90946\" data-element_type=\"widget\" data-widget_type=\"ha-card.default\">\n\t\t\t\t<div class=\"elementor-widget-container\">\n\t\t\t\t\t\n\t\t\t\t\t<figure class=\"ha-card-figure\">\n\t\t\t\t<img loading=\"lazy\" decoding=\"async\" width=\"1024\" height=\"683\" src=\"https:\/\/flipclass.cl\/wp-content\/uploads\/2021\/04\/internacional-1024x683.jpg\" class=\"attachment-large size-large wp-image-951\" alt=\"Internacional 1024x683\" srcset=\"https:\/\/flipclass.cl\/wp-content\/uploads\/2021\/04\/internacional-1024x683.jpg 1024w, https:\/\/flipclass.cl\/wp-content\/uploads\/2021\/04\/internacional-300x200.jpg 300w, https:\/\/flipclass.cl\/wp-content\/uploads\/2021\/04\/internacional-768x512.jpg 768w, https:\/\/flipclass.cl\/wp-content\/uploads\/2021\/04\/internacional.jpg 1398w\" sizes=\"(max-width: 1024px) 100vw, 1024px\" title=\"All Courses\">\t\t\t\t\t\t\t\t\t<div class=\"ha-badge ha-badge--top-right\">Presencial\/Virtual<\/div>\n\t\t\t\t\t\t\t<\/figure>\n\t\t\n\t\t<div class=\"ha-card-body\">\n\n\t\t\t<h2 class=\"ha-card-title\">Preparaci\u00f3n para Ex\u00e1menes Internacionales<\/h2>\n\t\t\t\t\t\t\t<div class=\"ha-card-text\">\n\t\t\t\t\t<p>Programas especializados para dominar las certificaciones m\u00e1s exigentes: TOEIC, TOEFL, IELTS y GMAT. Asegura la puntuaci\u00f3n requerida por empresas o universidades internacionales. Nuestro enfoque es estrat\u00e9gico y directo a los formatos de las pruebas.<\/p>\n\t\t\t\t<\/div>\n\t\t\t\n\t\t\t<a class=\"ha-btn\" href=\"https:\/\/flipclass.cl\/pt\/contact\/\"><span class=\"ha-btn-text\">Solicitar Evaluaci\u00f3n<\/span><\/a>\t\t<\/div>\n\t\t\t\t\t\t<\/div>\n\t\t\t\t<\/div>\n\t\t\t\t<div class=\"elementor-element elementor-element-a030f86 ha-card--top ha-card--tablet-top ha-card--mobile-top elementor-widget elementor-widget-ha-card happy-addon ha-card\" data-id=\"a030f86\" data-element_type=\"widget\" data-widget_type=\"ha-card.default\">\n\t\t\t\t<div class=\"elementor-widget-container\">\n\t\t\t\t\t\n\t\t\t\t\t<figure class=\"ha-card-figure\">\n\t\t\t\t<img loading=\"lazy\" decoding=\"async\" width=\"1024\" height=\"683\" src=\"https:\/\/flipclass.cl\/wp-content\/uploads\/2021\/04\/pilotaje-1-1024x683.jpg\" class=\"attachment-large size-large wp-image-1427\" alt=\"Pilotaje 1 1024x683\" srcset=\"https:\/\/flipclass.cl\/wp-content\/uploads\/2021\/04\/pilotaje-1-1024x683.jpg 1024w, https:\/\/flipclass.cl\/wp-content\/uploads\/2021\/04\/pilotaje-1-300x200.jpg 300w, https:\/\/flipclass.cl\/wp-content\/uploads\/2021\/04\/pilotaje-1-768x512.jpg 768w, https:\/\/flipclass.cl\/wp-content\/uploads\/2021\/04\/pilotaje-1.jpg 1366w\" sizes=\"(max-width: 1024px) 100vw, 1024px\" title=\"All Courses\">\t\t\t\t\t\t\t\t\t<div class=\"ha-badge ha-badge--top-right\">Presencial\/Virtual<\/div>\n\t\t\t\t\t\t\t<\/figure>\n\t\t\n\t\t<div class=\"ha-card-body\">\n\n\t\t\t<h2 class=\"ha-card-title\">Preparaci\u00f3n certificaci\u00f3n OACI: Pilotos y CTA<\/h2>\n\t\t\t\t\t\t\t<div class=\"ha-card-text\">\n\t\t\t\t\t<p>El programa esencial para Pilotos y Controladores de Tr\u00e1nsito A\u00e9reo (CTA). Prepara de forma espec\u00edfica el Test OACI exigido por la DGAC. Enf\u00f3cate solo en la pr\u00e1ctica de la expresi\u00f3n oral aeron\u00e1utica y asegura tu certificaci\u00f3n profesional.<\/p>\n\t\t\t\t<\/div>\n\t\t\t\n\t\t\t<a class=\"ha-btn\" href=\"https:\/\/flipclass.cl\/pt\/contact\/\"><span class=\"ha-btn-text\">Solicitar Evaluaci\u00f3n<\/span><\/a>\t\t<\/div>\n\t\t\t\t\t\t<\/div>\n\t\t\t\t<\/div>\n\t\t\t\t\t<\/div>\n\t\t\t\t<\/div>\n\t\t\t\t<\/div>","protected":false},"excerpt":{"rendered":"<p>Todos los cursos \u00abElige tu pr\u00f3ximo idioma y empieza a hablar desde hoy. Cada uno de nuestros cursos, sin importar el idioma, est\u00e1 dise\u00f1ado con la metodolog\u00eda probada de Flip-Class y la tecnolog\u00eda de punta de ELL Technologies para garantizarte un aprendizaje efectivo, flexible y con resultados reales.\u00bb Nuestra Oferta Educativa Cat\u00e1logo de Cursos Todos [&hellip;]<\/p>","protected":false},"author":1,"featured_media":0,"parent":0,"menu_order":0,"comment_status":"closed","ping_status":"closed","template":"","meta":{"inline_featured_image":false,"site-sidebar-layout":"no-sidebar","site-content-layout":"page-builder","ast-site-content-layout":"full-width-container","site-content-style":"unboxed","site-sidebar-style":"unboxed","ast-global-header-display":"","ast-banner-title-visibility":"","ast-main-header-display":"","ast-hfb-above-header-display":"","ast-hfb-below-header-display":"","ast-hfb-mobile-header-display":"","site-post-title":"disabled","ast-breadcrumbs-content":"disabled","ast-featured-img":"disabled","footer-sml-layout":"","theme-transparent-header-meta":"enabled","adv-header-id-meta":"","stick-header-meta":"","header-above-stick-meta":"","header-main-stick-meta":"","header-below-stick-meta":"","astra-migrate-meta-layouts":"set","ast-page-background-enabled":"default","ast-page-background-meta":{"desktop":{"background-color":"","background-image":"","background-repeat":"repeat","background-position":"center center","background-size":"auto","background-attachment":"scroll","background-type":"","background-media":"","overlay-type":"","overlay-color":"","overlay-opacity":"","overlay-gradient":""},"tablet":{"background-color":"","background-image":"","background-repeat":"repeat","background-position":"center center","background-size":"auto","background-attachment":"scroll","background-type":"","background-media":"","overlay-type":"","overlay-color":"","overlay-opacity":"","overlay-gradient":""},"mobile":{"background-color":"","background-image":"","background-repeat":"repeat","background-position":"center center","background-size":"auto","background-attachment":"scroll","background-type":"","background-media":"","overlay-type":"","overlay-color":"","overlay-opacity":"","overlay-gradient":""}},"ast-content-background-meta":{"desktop":{"background-color":"var(--ast-global-color-5)","background-image":"","background-repeat":"repeat","background-position":"center center","background-size":"auto","background-attachment":"scroll","background-type":"","background-media":"","overlay-type":"","overlay-color":"","overlay-opacity":"","overlay-gradient":""},"tablet":{"background-color":"var(--ast-global-color-5)","background-image":"","background-repeat":"repeat","background-position":"center center","background-size":"auto","background-attachment":"scroll","background-type":"","background-media":"","overlay-type":"","overlay-color":"","overlay-opacity":"","overlay-gradient":""},"mobile":{"background-color":"var(--ast-global-color-5)","background-image":"","background-repeat":"repeat","background-position":"center center","background-size":"auto","background-attachment":"scroll","background-type":"","background-media":"","overlay-type":"","overlay-color":"","overlay-opacity":"","overlay-gradient":""}},"_themeisle_gutenberg_block_has_review":false,"footnotes":""},"class_list":["post-2496","page","type-page","status-publish","hentry"],"_links":{"self":[{"href":"https:\/\/flipclass.cl\/pt\/wp-json\/wp\/v2\/pages\/2496","targetHints":{"allow":["GET"]}}],"collection":[{"href":"https:\/\/flipclass.cl\/pt\/wp-json\/wp\/v2\/pages"}],"about":[{"href":"https:\/\/flipclass.cl\/pt\/wp-json\/wp\/v2\/types\/page"}],"author":[{"embeddable":true,"href":"https:\/\/flipclass.cl\/pt\/wp-json\/wp\/v2\/users\/1"}],"replies":[{"embeddable":true,"href":"https:\/\/flipclass.cl\/pt\/wp-json\/wp\/v2\/comments?post=2496"}],"version-history":[{"count":34,"href":"https:\/\/flipclass.cl\/pt\/wp-json\/wp\/v2\/pages\/2496\/revisions"}],"predecessor-version":[{"id":2945,"href":"https:\/\/flipclass.cl\/pt\/wp-json\/wp\/v2\/pages\/2496\/revisions\/2945"}],"wp:attachment":[{"href":"https:\/\/flipclass.cl\/pt\/wp-json\/wp\/v2\/media?parent=2496"}],"curies":[{"name":"wp","href":"https:\/\/api.w.org\/{rel}","templated":true}]}}