{"id":1550,"date":"2021-04-27T11:37:35","date_gmt":"2021-04-27T14:37:35","guid":{"rendered":"https:\/\/flipclass.cl\/?page_id=1550"},"modified":"2023-11-08T19:14:35","modified_gmt":"2023-11-08T22:14:35","slug":"soluciones-flip-class","status":"publish","type":"page","link":"https:\/\/flipclass.cl\/pt\/soluciones-flip-class\/","title":{"rendered":"Soluciones Flip-Class"},"content":{"rendered":"<div data-elementor-type=\"wp-page\" data-elementor-id=\"1550\" class=\"elementor elementor-1550\" data-elementor-settings=\"{&quot;ha_cmc_init_switcher&quot;:&quot;no&quot;}\" data-elementor-post-type=\"page\">\n\t\t\t\t\t\t<section class=\"has_eae_slider elementor-section elementor-top-section elementor-element elementor-element-50f0437f elementor-section-boxed elementor-section-height-default elementor-section-height-default\" data-eae-slider=\"57988\" data-id=\"50f0437f\" data-element_type=\"section\" data-settings=\"{&quot;background_background&quot;:&quot;classic&quot;,&quot;_ha_eqh_enable&quot;:false}\">\n\t\t\t\t\t\t<div class=\"elementor-container elementor-column-gap-default\">\n\t\t\t\t\t<div class=\"has_eae_slider elementor-column elementor-col-100 elementor-top-column elementor-element elementor-element-60d05f2f\" data-eae-slider=\"38452\" data-id=\"60d05f2f\" data-element_type=\"column\">\n\t\t\t<div class=\"elementor-widget-wrap elementor-element-populated\">\n\t\t\t\t\t\t<div class=\"elementor-element elementor-element-3bf57c56 elementor-widget elementor-widget-heading\" data-id=\"3bf57c56\" data-element_type=\"widget\" data-widget_type=\"heading.default\">\n\t\t\t\t<div class=\"elementor-widget-container\">\n\t\t\t\t\t<h2 class=\"elementor-heading-title elementor-size-xl\">PROGRAMAS<\/h2>\t\t\t\t<\/div>\n\t\t\t\t<\/div>\n\t\t\t\t\t<\/div>\n\t\t<\/div>\n\t\t\t\t\t<\/div>\n\t\t<\/section>\n\t\t\t\t<section class=\"has_eae_slider elementor-section elementor-top-section elementor-element elementor-element-65e6b29 elementor-section-boxed elementor-section-height-default elementor-section-height-default\" data-eae-slider=\"25412\" data-id=\"65e6b29\" data-element_type=\"section\" data-settings=\"{&quot;_ha_eqh_enable&quot;:false}\">\n\t\t\t\t\t\t<div class=\"elementor-container elementor-column-gap-default\">\n\t\t\t\t\t<div class=\"has_eae_slider elementor-column elementor-col-100 elementor-top-column elementor-element elementor-element-badb949\" data-eae-slider=\"12487\" data-id=\"badb949\" data-element_type=\"column\">\n\t\t\t<div class=\"elementor-widget-wrap elementor-element-populated\">\n\t\t\t\t\t\t<div class=\"elementor-element elementor-element-95c9ed6 elementor-widget elementor-widget-spacer\" data-id=\"95c9ed6\" data-element_type=\"widget\" data-widget_type=\"spacer.default\">\n\t\t\t\t<div class=\"elementor-widget-container\">\n\t\t\t\t\t\t\t<div class=\"elementor-spacer\">\n\t\t\t<div class=\"elementor-spacer-inner\"><\/div>\n\t\t<\/div>\n\t\t\t\t\t\t<\/div>\n\t\t\t\t<\/div>\n\t\t\t\t\t<\/div>\n\t\t<\/div>\n\t\t\t\t\t<\/div>\n\t\t<\/section>\n\t\t\t\t<section class=\"has_eae_slider elementor-section elementor-top-section elementor-element elementor-element-a46868c elementor-section-boxed elementor-section-height-default elementor-section-height-default\" data-eae-slider=\"24308\" data-id=\"a46868c\" data-element_type=\"section\" data-settings=\"{&quot;_ha_eqh_enable&quot;:false}\">\n\t\t\t\t\t\t<div class=\"elementor-container elementor-column-gap-default\">\n\t\t\t\t\t<div class=\"has_eae_slider elementor-column elementor-col-50 elementor-top-column elementor-element elementor-element-3cf5bfe\" data-eae-slider=\"1141\" data-id=\"3cf5bfe\" data-element_type=\"column\">\n\t\t\t<div class=\"elementor-widget-wrap elementor-element-populated\">\n\t\t\t\t\t\t<div class=\"elementor-element elementor-element-83e9c51 ha-card--top ha-card--tablet-top ha-card--mobile-top elementor-widget elementor-widget-ha-card happy-addon ha-card\" data-id=\"83e9c51\" data-element_type=\"widget\" data-widget_type=\"ha-card.default\">\n\t\t\t\t<div class=\"elementor-widget-container\">\n\t\t\t\t\t\n\t\t\t\t\t<figure class=\"ha-card-figure\">\n\t\t\t\t<img fetchpriority=\"high\" decoding=\"async\" width=\"1024\" height=\"684\" src=\"https:\/\/flipclass.cl\/wp-content\/uploads\/2021\/04\/empresarial--1024x684.jpg\" class=\"attachment-large size-large wp-image-876\" alt=\"Empresarial 1024x684\" srcset=\"https:\/\/flipclass.cl\/wp-content\/uploads\/2021\/04\/empresarial--1024x684.jpg 1024w, https:\/\/flipclass.cl\/wp-content\/uploads\/2021\/04\/empresarial--300x200.jpg 300w, https:\/\/flipclass.cl\/wp-content\/uploads\/2021\/04\/empresarial--768x513.jpg 768w, https:\/\/flipclass.cl\/wp-content\/uploads\/2021\/04\/empresarial-.jpg 1204w\" sizes=\"(max-width: 1024px) 100vw, 1024px\" title=\"Soluciones Flip-Class\">\t\t\t\t\t\t\t<\/figure>\n\t\t\n\t\t<div class=\"ha-card-body\">\n\n\t\t\t<h2 class=\"ha-card-title\">Programa Empresas<\/h2>\n\t\t\t\t\t\t\t<div class=\"ha-card-text\">\n\t\t\t\t\t<p><span style=\"font-size: 15px;white-space: normal\">Programas de capacitaci\u00f3n para empresas en diferentes modalidades, formatos e idiomas.<\/span><\/p>\n\t\t\t\t<\/div>\n\t\t\t\n\t\t\t<a class=\"ha-btn\" href=\"https:\/\/flipclass.cl\/pt\/programa-empresarial\/\"><span class=\"ha-btn-text\">Ver Detalle<\/span><\/a>\t\t<\/div>\n\t\t\t\t\t\t<\/div>\n\t\t\t\t<\/div>\n\t\t\t\t\t<\/div>\n\t\t<\/div>\n\t\t\t\t<div class=\"has_eae_slider elementor-column elementor-col-50 elementor-top-column elementor-element elementor-element-e2c6dd1\" data-eae-slider=\"87352\" data-id=\"e2c6dd1\" data-element_type=\"column\">\n\t\t\t<div class=\"elementor-widget-wrap elementor-element-populated\">\n\t\t\t\t\t\t<div class=\"elementor-element elementor-element-6a9f8e2 ha-card--top ha-card--tablet-top ha-card--mobile-top elementor-widget elementor-widget-ha-card happy-addon ha-card\" data-id=\"6a9f8e2\" data-element_type=\"widget\" data-widget_type=\"ha-card.default\">\n\t\t\t\t<div class=\"elementor-widget-container\">\n\t\t\t\t\t\n\t\t\t\t\t<figure class=\"ha-card-figure\">\n\t\t\t\t<img decoding=\"async\" width=\"1024\" height=\"684\" src=\"https:\/\/flipclass.cl\/wp-content\/uploads\/2021\/04\/programa-educacional-1024x684.jpg\" class=\"attachment-large size-large wp-image-869\" alt=\"Programa Educacional 1024x684\" srcset=\"https:\/\/flipclass.cl\/wp-content\/uploads\/2021\/04\/programa-educacional-1024x684.jpg 1024w, https:\/\/flipclass.cl\/wp-content\/uploads\/2021\/04\/programa-educacional-300x200.jpg 300w, https:\/\/flipclass.cl\/wp-content\/uploads\/2021\/04\/programa-educacional-768x513.jpg 768w, https:\/\/flipclass.cl\/wp-content\/uploads\/2021\/04\/programa-educacional-1536x1026.jpg 1536w, https:\/\/flipclass.cl\/wp-content\/uploads\/2021\/04\/programa-educacional.jpg 1558w\" sizes=\"(max-width: 1024px) 100vw, 1024px\" title=\"Soluciones Flip-Class\">\t\t\t\t\t\t\t<\/figure>\n\t\t\n\t\t<div class=\"ha-card-body\">\n\n\t\t\t<h2 class=\"ha-card-title\">Programa Educaci\u00f3n<\/h2>\n\t\t\t\t\t\t\t<div class=\"ha-card-text\">\n\t\t\t\t\t<p><span style=\"font-size: 15px;white-space: normal\">Programas acad\u00e9micos especiales para universidades, institutos y colegios, alineados a los niveles del MCER.<\/span><\/p>\n\t\t\t\t<\/div>\n\t\t\t\n\t\t\t<a class=\"ha-btn\" href=\"https:\/\/flipclass.cl\/pt\/programa-educacional\/\"><span class=\"ha-btn-text\">Ver Detalle<\/span><\/a>\t\t<\/div>\n\t\t\t\t\t\t<\/div>\n\t\t\t\t<\/div>\n\t\t\t\t\t<\/div>\n\t\t<\/div>\n\t\t\t\t\t<\/div>\n\t\t<\/section>\n\t\t\t\t<section class=\"has_eae_slider elementor-section elementor-top-section elementor-element elementor-element-8d52c94 elementor-section-boxed elementor-section-height-default elementor-section-height-default\" data-eae-slider=\"78949\" data-id=\"8d52c94\" data-element_type=\"section\" data-settings=\"{&quot;_ha_eqh_enable&quot;:false}\">\n\t\t\t\t\t\t<div class=\"elementor-container elementor-column-gap-default\">\n\t\t\t\t\t<div class=\"has_eae_slider elementor-column elementor-col-50 elementor-top-column elementor-element elementor-element-3d16953\" data-eae-slider=\"14015\" data-id=\"3d16953\" data-element_type=\"column\">\n\t\t\t<div class=\"elementor-widget-wrap elementor-element-populated\">\n\t\t\t\t\t\t<div class=\"elementor-element elementor-element-7648e18 ha-card--top ha-card--tablet-top ha-card--mobile-top elementor-widget elementor-widget-ha-card happy-addon ha-card\" data-id=\"7648e18\" data-element_type=\"widget\" data-widget_type=\"ha-card.default\">\n\t\t\t\t<div class=\"elementor-widget-container\">\n\t\t\t\t\t\n\t\t\t\t\t<figure class=\"ha-card-figure\">\n\t\t\t\t<img decoding=\"async\" width=\"696\" height=\"464\" src=\"https:\/\/flipclass.cl\/wp-content\/uploads\/2021\/04\/Programa-Adultos.jpg\" class=\"attachment-large size-large wp-image-813\" alt=\"Programa Adultos\" srcset=\"https:\/\/flipclass.cl\/wp-content\/uploads\/2021\/04\/Programa-Adultos.jpg 696w, https:\/\/flipclass.cl\/wp-content\/uploads\/2021\/04\/Programa-Adultos-300x200.jpg 300w\" sizes=\"(max-width: 696px) 100vw, 696px\" title=\"Soluciones Flip-Class\">\t\t\t\t\t\t\t<\/figure>\n\t\t\n\t\t<div class=\"ha-card-body\">\n\n\t\t\t<h2 class=\"ha-card-title\">Programa Privado<\/h2>\n\t\t\t\t\t\t\t<div class=\"ha-card-text\">\n\t\t\t\t\t<p><span style=\"font-size: 15px;white-space: normal\">Todas nuestras soluciones est\u00e1n disponibles para personas naturales quienes de forma particular deciden aprender idiomas.&nbsp;<\/span><\/p>\n\t\t\t\t<\/div>\n\t\t\t\n\t\t\t<a class=\"ha-btn\" href=\"https:\/\/flipclass.cl\/pt\/programa-privado\/\"><span class=\"ha-btn-text\">Ver detalle<\/span><\/a>\t\t<\/div>\n\t\t\t\t\t\t<\/div>\n\t\t\t\t<\/div>\n\t\t\t\t\t<\/div>\n\t\t<\/div>\n\t\t\t\t<div class=\"has_eae_slider elementor-column elementor-col-50 elementor-top-column elementor-element elementor-element-f1ff33c\" data-eae-slider=\"82253\" data-id=\"f1ff33c\" data-element_type=\"column\">\n\t\t\t<div class=\"elementor-widget-wrap\">\n\t\t\t\t\t\t\t<\/div>\n\t\t<\/div>\n\t\t\t\t\t<\/div>\n\t\t<\/section>\n\t\t\t\t<section class=\"has_eae_slider elementor-section elementor-top-section elementor-element elementor-element-09fbcc5 elementor-section-boxed elementor-section-height-default elementor-section-height-default\" data-eae-slider=\"69569\" data-id=\"09fbcc5\" data-element_type=\"section\" data-settings=\"{&quot;_ha_eqh_enable&quot;:false}\">\n\t\t\t\t\t\t<div class=\"elementor-container elementor-column-gap-default\">\n\t\t\t\t\t<div class=\"has_eae_slider elementor-column elementor-col-100 elementor-top-column elementor-element elementor-element-b574b55\" data-eae-slider=\"20675\" data-id=\"b574b55\" data-element_type=\"column\">\n\t\t\t<div class=\"elementor-widget-wrap\">\n\t\t\t\t\t\t\t<\/div>\n\t\t<\/div>\n\t\t\t\t\t<\/div>\n\t\t<\/section>\n\t\t\t\t<\/div>","protected":false},"excerpt":{"rendered":"<p>PROGRAMAS Programa Empresas Programas de capacitaci\u00f3n para empresas en diferentes modalidades, formatos e idiomas. Ver Detalle Programa Educaci\u00f3n Programas acad\u00e9micos especiales para universidades, institutos y colegios, alineados a los niveles del MCER. Ver Detalle Programa Privado Todas nuestras soluciones est\u00e1n disponibles para personas naturales quienes de forma particular deciden aprender idiomas.&nbsp; Ver detalle<\/p>","protected":false},"author":1,"featured_media":0,"parent":0,"menu_order":0,"comment_status":"closed","ping_status":"closed","template":"","meta":{"inline_featured_image":false,"site-sidebar-layout":"no-sidebar","site-content-layout":"page-builder","ast-site-content-layout":"default","site-content-style":"default","site-sidebar-style":"default","ast-global-header-display":"","ast-banner-title-visibility":"","ast-main-header-display":"","ast-hfb-above-header-display":"","ast-hfb-below-header-display":"","ast-hfb-mobile-header-display":"","site-post-title":"disabled","ast-breadcrumbs-content":"","ast-featured-img":"disabled","footer-sml-layout":"","theme-transparent-header-meta":"default","adv-header-id-meta":"","stick-header-meta":"","header-above-stick-meta":"","header-main-stick-meta":"","header-below-stick-meta":"","astra-migrate-meta-layouts":"default","ast-page-background-enabled":"default","ast-page-background-meta":{"desktop":{"background-color":"","background-image":"","background-repeat":"repeat","background-position":"center center","background-size":"auto","background-attachment":"scroll","background-type":"","background-media":"","overlay-type":"","overlay-color":"","overlay-opacity":"","overlay-gradient":""},"tablet":{"background-color":"","background-image":"","background-repeat":"repeat","background-position":"center center","background-size":"auto","background-attachment":"scroll","background-type":"","background-media":"","overlay-type":"","overlay-color":"","overlay-opacity":"","overlay-gradient":""},"mobile":{"background-color":"","background-image":"","background-repeat":"repeat","background-position":"center center","background-size":"auto","background-attachment":"scroll","background-type":"","background-media":"","overlay-type":"","overlay-color":"","overlay-opacity":"","overlay-gradient":""}},"ast-content-background-meta":{"desktop":{"background-color":"var(--ast-global-color-5)","background-image":"","background-repeat":"repeat","background-position":"center center","background-size":"auto","background-attachment":"scroll","background-type":"","background-media":"","overlay-type":"","overlay-color":"","overlay-opacity":"","overlay-gradient":""},"tablet":{"background-color":"var(--ast-global-color-5)","background-image":"","background-repeat":"repeat","background-position":"center center","background-size":"auto","background-attachment":"scroll","background-type":"","background-media":"","overlay-type":"","overlay-color":"","overlay-opacity":"","overlay-gradient":""},"mobile":{"background-color":"var(--ast-global-color-5)","background-image":"","background-repeat":"repeat","background-position":"center center","background-size":"auto","background-attachment":"scroll","background-type":"","background-media":"","overlay-type":"","overlay-color":"","overlay-opacity":"","overlay-gradient":""}},"_themeisle_gutenberg_block_has_review":false,"footnotes":""},"class_list":["post-1550","page","type-page","status-publish","hentry"],"_links":{"self":[{"href":"https:\/\/flipclass.cl\/pt\/wp-json\/wp\/v2\/pages\/1550","targetHints":{"allow":["GET"]}}],"collection":[{"href":"https:\/\/flipclass.cl\/pt\/wp-json\/wp\/v2\/pages"}],"about":[{"href":"https:\/\/flipclass.cl\/pt\/wp-json\/wp\/v2\/types\/page"}],"author":[{"embeddable":true,"href":"https:\/\/flipclass.cl\/pt\/wp-json\/wp\/v2\/users\/1"}],"replies":[{"embeddable":true,"href":"https:\/\/flipclass.cl\/pt\/wp-json\/wp\/v2\/comments?post=1550"}],"version-history":[{"count":13,"href":"https:\/\/flipclass.cl\/pt\/wp-json\/wp\/v2\/pages\/1550\/revisions"}],"predecessor-version":[{"id":2078,"href":"https:\/\/flipclass.cl\/pt\/wp-json\/wp\/v2\/pages\/1550\/revisions\/2078"}],"wp:attachment":[{"href":"https:\/\/flipclass.cl\/pt\/wp-json\/wp\/v2\/media?parent=1550"}],"curies":[{"name":"wp","href":"https:\/\/api.w.org\/{rel}","templated":true}]}}